{"id":55,"date":"2020-03-25T22:33:58","date_gmt":"2020-03-25T22:33:58","guid":{"rendered":"https:\/\/cabrio-du.net\/?page_id=55"},"modified":"2023-02-02T11:52:54","modified_gmt":"2023-02-02T11:52:54","slug":"mein-blog","status":"publish","type":"page","link":"https:\/\/weller-hilft.de\/?page_id=55","title":{"rendered":"Blog\/Podcast"},"content":{"rendered":"\n<h3 class=\"has-black-color has-text-color wp-block-heading\" style=\"font-size:23px;font-style:normal;font-weight:700\"><strong>Ehrenamtlich? Freiwillig?<\/strong><\/h3>\n\n\n\n<p class=\"has-very-dark-gray-color has-text-color\">Wer sich engagieren m\u00f6chte, findet dazu\nviele M\u00f6glichkeiten, ob traditionell in der klassischen Vereinsarbeit oder in\nneuen Engagementstrukturen, die h\u00e4ufig eine zeitlich begrenzte, projektbezogene\nForm der Mitarbeit erm\u00f6glichen.<\/p>\n\n\n\n<p class=\"has-very-dark-gray-color has-text-color\">Sie sind in einer privaten\nNachbarschafts- oder B\u00fcrgerinitiative aktiv? Sie arbeiten unter dem Dach einer\nFreiwilligenagentur oder in einem Verein? Immer hat&nbsp;der rechtliche Rahmen,\nin dem das freiwillige Engagement stattfindet, entscheidenden Einfluss auf\nFragen der Haftung und des Versicherungsschutzes oder auch auf die M\u00f6glichkeit,\nsteuerrechtliche Vorteile in Anspruch nehmen zu k\u00f6nnen.<\/p>\n\n\n\n<p class=\"has-very-dark-gray-color has-text-color\"><a href=\"https:\/\/weller-hilft.de\/?page_id=343\">Gerne berate ich Sie hierzu<\/a> und erarbeite ma\u00dfgeschneiderte rechtliche Strukturen, die die Erreichung&nbsp;Ihrer Ziele bestm\u00f6glich unterst\u00fctzen.<\/p>\n\n\n\n<p class=\"has-very-dark-gray-color has-text-color\">Zudem greife ich in meinem Blog und auf meinem Podcast &#8222;Weller hilft. Im Vereinsrecht.&#8220; beispielhaft Themen auf, die Ihnen vielleicht schon erste Anhaltspunkte und Antworten auf Ihre Fragen liefern k\u00f6nnen. Bedenken Sie jedoch bitte, dass die rechtliche Bewertung immer von den individuellen Rahmenbedingungen abh\u00e4ngt. Im Zweifelsfall sollten Sie daher selbstverst\u00e4ndlich immer rechtlichen Rat einholen. <\/p>\n\n\n\n<h2 class=\"has-black-color has-text-color has-medium-font-size wp-block-heading\">Mein Podcast:<\/h2>\n\n\n\n<p><\/p>\n\n\n\n<h2 class=\"has-medium-font-size wp-block-heading\"><a href=\"https:\/\/anchor.fm\/dr-frank-weller\" target=\"_blank\" rel=\"noreferrer noopener\">https:\/\/anchor.fm\/dr-frank-weller<\/a><\/h2>\n\n\n\n<p><\/p>\n\n\n\n<h2 class=\"has-medium-font-size wp-block-heading\"><a rel=\"noreferrer noopener\" href=\"https:\/\/open.spotify.com\/show\/5X16HiQ1Olg7hn5aNTsrYc\" data-type=\"URL\" data-id=\"https:\/\/open.spotify.com\/show\/5X16HiQ1Olg7hn5aNTsrYc\" target=\"_blank\">https:\/\/open.spotify.com\/show\/5X16HiQ1Olg7hn5aNTsrYc<\/a><\/h2>\n\n\n\n<p><\/p>\n\n\n\n<p class=\"has-black-color has-text-color\"><strong>Vorsorglicher Hinweis: <\/strong>Wenn Sie diesen Links folgen, verlassen Sie die die Website https:\/\/weller-hilft.de. Ob und inwieweit die aufgerufenen Websites die Datenschutzvorschriften einhalten, ist hier nicht bekannt. Jegliche Haftung wird abgelehnt.<\/p>\n","protected":false},"excerpt":{"rendered":"<p>Ehrenamtlich? Freiwillig? Wer sich engagieren m\u00f6chte, findet dazu viele M\u00f6glichkeiten, ob traditionell in der klassischen Vereinsarbeit oder in neuen Engagementstrukturen, die h\u00e4ufig eine zeitlich begrenzte, projektbezogene Form der Mitarbeit erm\u00f6glichen. Sie sind in einer privaten Nachbarschafts- oder B\u00fcrgerinitiative aktiv? Sie arbeiten unter dem Dach einer Freiwilligenagentur oder in einem Verein? Immer hat&nbsp;der rechtliche Rahmen, in&hellip; <br \/> <a class=\"read-more\" href=\"https:\/\/weller-hilft.de\/?page_id=55\">Weiterlesen<\/a><\/p>\n","protected":false},"author":2,"featured_media":0,"parent":0,"menu_order":0,"comment_status":"closed","ping_status":"closed","template":"page-templates\/page-with-right-sidebar.php","meta":{"footnotes":""},"class_list":["post-55","page","type-page","status-publish","hentry"],"_links":{"self":[{"href":"https:\/\/weller-hilft.de\/index.php?rest_route=\/wp\/v2\/pages\/55","targetHints":{"allow":["GET"]}}],"collection":[{"href":"https:\/\/weller-hilft.de\/index.php?rest_route=\/wp\/v2\/pages"}],"about":[{"href":"https:\/\/weller-hilft.de\/index.php?rest_route=\/wp\/v2\/types\/page"}],"author":[{"embeddable":true,"href":"https:\/\/weller-hilft.de\/index.php?rest_route=\/wp\/v2\/users\/2"}],"replies":[{"embeddable":true,"href":"https:\/\/weller-hilft.de\/index.php?rest_route=%2Fwp%2Fv2%2Fcomments&post=55"}],"version-history":[{"count":17,"href":"https:\/\/weller-hilft.de\/index.php?rest_route=\/wp\/v2\/pages\/55\/revisions"}],"predecessor-version":[{"id":1108,"href":"https:\/\/weller-hilft.de\/index.php?rest_route=\/wp\/v2\/pages\/55\/revisions\/1108"}],"wp:attachment":[{"href":"https:\/\/weller-hilft.de\/index.php?rest_route=%2Fwp%2Fv2%2Fmedia&parent=55"}],"curies":[{"name":"wp","href":"https:\/\/api.w.org\/{rel}","templated":true}]}}