{"id":43,"date":"2020-03-25T22:23:32","date_gmt":"2020-03-25T22:23:32","guid":{"rendered":"https:\/\/cabrio-du.net\/?page_id=43"},"modified":"2023-02-02T11:58:42","modified_gmt":"2023-02-02T11:58:42","slug":"vereinsrecht","status":"publish","type":"page","link":"https:\/\/weller-hilft.de\/?page_id=43","title":{"rendered":"Vereinsrecht"},"content":{"rendered":"\n<p class=\"has-black-color has-text-color\" style=\"font-size:23px\"><strong>Vereinsrecht<\/strong><\/p>\n\n\n\n<p class=\"has-black-color has-text-color has-medium-font-size\">Mein Thema&nbsp;sind&nbsp;die rechtlichen&nbsp;Regeln, nach denen&nbsp;<strong>Vereine <\/strong>sowie <strong>Non-Profit-Organisationen<\/strong>&nbsp;funktionieren und&nbsp;<strong>freiwilliges, unentgeltliches<\/strong>&nbsp;Engagement in Deutschland stattfindet.&nbsp;Ich befasse mich&nbsp;dabei&nbsp;genauso mit&nbsp;dem Vereinswesen und ehrenamtlicher&nbsp;Vereinsarbeit wie&nbsp;mit anderen Formen der Freiwilligent\u00e4tigkeit, ob&nbsp;projektbezogen&nbsp;oder zeitlich&nbsp;befristet, ob innerhalb&nbsp;oder au\u00dferhalb klassischer Organisationsstrukturen.<\/p>\n\n\n\n<p class=\"has-black-color has-text-color has-medium-font-size\">Immer wiederkehrende Themen sind dabei die Suche nach der richtigen Rechtsform f\u00fcr ein gemeinn\u00fctziges Projekt, Satzungsfragen,&nbsp;Haftung von Vorst\u00e4nden, Spenden und Sponsoring, die rechtssichere Nutzung von Internet und Social Media sowie der auch im zivilgesellschaftlichen Engagement unverzichtbare Schutz pers\u00f6nlicher Daten. Einige Beitr\u00e4ge zum Vereinsrecht finden Sie auch auf dieser Website unter &#8222;Kategorien&#8220; (siehe rechte Spalte). Eine individuelle Rechtsberatung k\u00f6nnen diese Beitr\u00e4ge allerdings nicht ersetzen.<\/p>\n\n\n\n<p class=\"has-black-color has-text-color has-medium-font-size\">Mit vereinsrechtlichen Themen wird sich auch mein neuer Podcast <strong>&#8222;Weller hilft. Im Vereinsrecht.&#8220; <\/strong>befassen<strong>. <\/strong>H\u00f6ren Sie doch einmal rein:<strong> <\/strong><\/p>\n\n\n\n<p class=\"has-medium-font-size\"><\/p>\n\n\n\n<h2 class=\"has-black-color has-text-color has-medium-font-size wp-block-heading\">Mein Podcast:<\/h2>\n\n\n\n<p><\/p>\n\n\n\n<h2 class=\"has-medium-font-size wp-block-heading\"><a href=\"https:\/\/anchor.fm\/dr-frank-weller\" target=\"_blank\" rel=\"noreferrer noopener\">https:\/\/anchor.fm\/dr-frank-weller<\/a><\/h2>\n\n\n\n<p><\/p>\n\n\n\n<h2 class=\"has-medium-font-size wp-block-heading\"><a rel=\"noreferrer noopener\" href=\"https:\/\/open.spotify.com\/show\/5X16HiQ1Olg7hn5aNTsrYc\" data-type=\"URL\" data-id=\"https:\/\/open.spotify.com\/show\/5X16HiQ1Olg7hn5aNTsrYc\" target=\"_blank\">https:\/\/open.spotify.com\/show\/5X16HiQ1Olg7hn5aNTsrYc<\/a><\/h2>\n\n\n\n<p><\/p>\n\n\n\n<p class=\"has-black-color has-text-color\"><strong>Vorsorglicher Hinweis: <\/strong>Wenn Sie diesen Links folgen, verlassen Sie die die Website https:\/\/weller-hilft.de. Ob und inwieweit die aufgerufenen Websites die Datenschutzvorschriften einhalten, ist hier nicht bekannt. Jegliche Haftung wird abgelehnt.<\/p>\n","protected":false},"excerpt":{"rendered":"<p>Vereinsrecht Mein Thema&nbsp;sind&nbsp;die rechtlichen&nbsp;Regeln, nach denen&nbsp;Vereine sowie Non-Profit-Organisationen&nbsp;funktionieren und&nbsp;freiwilliges, unentgeltliches&nbsp;Engagement in Deutschland stattfindet.&nbsp;Ich befasse mich&nbsp;dabei&nbsp;genauso mit&nbsp;dem Vereinswesen und ehrenamtlicher&nbsp;Vereinsarbeit wie&nbsp;mit anderen Formen der Freiwilligent\u00e4tigkeit, ob&nbsp;projektbezogen&nbsp;oder zeitlich&nbsp;befristet, ob innerhalb&nbsp;oder au\u00dferhalb klassischer Organisationsstrukturen. Immer wiederkehrende Themen sind dabei die Suche nach der richtigen Rechtsform f\u00fcr ein gemeinn\u00fctziges Projekt, Satzungsfragen,&nbsp;Haftung von Vorst\u00e4nden, Spenden und Sponsoring, die rechtssichere Nutzung&hellip; <br \/> <a class=\"read-more\" href=\"https:\/\/weller-hilft.de\/?page_id=43\">Weiterlesen<\/a><\/p>\n","protected":false},"author":2,"featured_media":659,"parent":10,"menu_order":1,"comment_status":"closed","ping_status":"closed","template":"page-templates\/page-with-right-sidebar.php","meta":{"footnotes":""},"class_list":["post-43","page","type-page","status-publish","has-post-thumbnail","hentry"],"_links":{"self":[{"href":"https:\/\/weller-hilft.de\/index.php?rest_route=\/wp\/v2\/pages\/43","targetHints":{"allow":["GET"]}}],"collection":[{"href":"https:\/\/weller-hilft.de\/index.php?rest_route=\/wp\/v2\/pages"}],"about":[{"href":"https:\/\/weller-hilft.de\/index.php?rest_route=\/wp\/v2\/types\/page"}],"author":[{"embeddable":true,"href":"https:\/\/weller-hilft.de\/index.php?rest_route=\/wp\/v2\/users\/2"}],"replies":[{"embeddable":true,"href":"https:\/\/weller-hilft.de\/index.php?rest_route=%2Fwp%2Fv2%2Fcomments&post=43"}],"version-history":[{"count":21,"href":"https:\/\/weller-hilft.de\/index.php?rest_route=\/wp\/v2\/pages\/43\/revisions"}],"predecessor-version":[{"id":1112,"href":"https:\/\/weller-hilft.de\/index.php?rest_route=\/wp\/v2\/pages\/43\/revisions\/1112"}],"up":[{"embeddable":true,"href":"https:\/\/weller-hilft.de\/index.php?rest_route=\/wp\/v2\/pages\/10"}],"wp:featuredmedia":[{"embeddable":true,"href":"https:\/\/weller-hilft.de\/index.php?rest_route=\/wp\/v2\/media\/659"}],"wp:attachment":[{"href":"https:\/\/weller-hilft.de\/index.php?rest_route=%2Fwp%2Fv2%2Fmedia&parent=43"}],"curies":[{"name":"wp","href":"https:\/\/api.w.org\/{rel}","templated":true}]}}