{"id":410,"date":"2020-07-28T15:50:49","date_gmt":"2020-07-28T15:50:49","guid":{"rendered":"https:\/\/weller-hilft.de\/?page_id=410"},"modified":"2023-01-13T17:04:25","modified_gmt":"2023-01-13T17:04:25","slug":"haftungsfragen","status":"publish","type":"page","link":"https:\/\/weller-hilft.de\/?page_id=410","title":{"rendered":"Haftungsfragen"},"content":{"rendered":"\n<p class=\"has-very-dark-gray-color has-text-color\">Haften die Vorstandsmitglieder und wenn ja, in welchen F\u00e4llen? <\/p>\n\n\n\n<p class=\"has-black-color has-text-color\">Diesen Fragen gehen einige Beitr\u00e4ge auf dieser Website nach. Dabei handelt es sich stets um Beispielf\u00e4lle. Bitte holen Sie im konkreten Fall aktuellen Rechtsrat ein!<\/p>\n\n\n\n<div class=\"wp-block-file\"><\/div>\n\n\n\n<div class=\"wp-block-file\"><\/div>\n\n\n\n<div class=\"wp-block-file\"><\/div>\n\n\n\n<div class=\"wp-block-file\"><\/div>\n\n\n\n<div class=\"wp-block-file\"><\/div>\n\n\n\n<p><\/p>\n","protected":false},"excerpt":{"rendered":"<p>Haften die Vorstandsmitglieder und wenn ja, in welchen F\u00e4llen? Diesen Fragen gehen einige Beitr\u00e4ge auf dieser Website nach. Dabei handelt es sich stets um Beispielf\u00e4lle. Bitte holen Sie im konkreten Fall aktuellen Rechtsrat ein!<\/p>\n","protected":false},"author":2,"featured_media":517,"parent":43,"menu_order":0,"comment_status":"closed","ping_status":"closed","template":"page-templates\/page-with-right-sidebar.php","meta":{"footnotes":""},"class_list":["post-410","page","type-page","status-publish","has-post-thumbnail","hentry"],"_links":{"self":[{"href":"https:\/\/weller-hilft.de\/index.php?rest_route=\/wp\/v2\/pages\/410","targetHints":{"allow":["GET"]}}],"collection":[{"href":"https:\/\/weller-hilft.de\/index.php?rest_route=\/wp\/v2\/pages"}],"about":[{"href":"https:\/\/weller-hilft.de\/index.php?rest_route=\/wp\/v2\/types\/page"}],"author":[{"embeddable":true,"href":"https:\/\/weller-hilft.de\/index.php?rest_route=\/wp\/v2\/users\/2"}],"replies":[{"embeddable":true,"href":"https:\/\/weller-hilft.de\/index.php?rest_route=%2Fwp%2Fv2%2Fcomments&post=410"}],"version-history":[{"count":8,"href":"https:\/\/weller-hilft.de\/index.php?rest_route=\/wp\/v2\/pages\/410\/revisions"}],"predecessor-version":[{"id":929,"href":"https:\/\/weller-hilft.de\/index.php?rest_route=\/wp\/v2\/pages\/410\/revisions\/929"}],"up":[{"embeddable":true,"href":"https:\/\/weller-hilft.de\/index.php?rest_route=\/wp\/v2\/pages\/43"}],"wp:featuredmedia":[{"embeddable":true,"href":"https:\/\/weller-hilft.de\/index.php?rest_route=\/wp\/v2\/media\/517"}],"wp:attachment":[{"href":"https:\/\/weller-hilft.de\/index.php?rest_route=%2Fwp%2Fv2%2Fmedia&parent=410"}],"curies":[{"name":"wp","href":"https:\/\/api.w.org\/{rel}","templated":true}]}}