{"id":41,"date":"2020-03-25T22:22:34","date_gmt":"2020-03-25T22:22:34","guid":{"rendered":"https:\/\/cabrio-du.net\/?page_id=41"},"modified":"2023-01-14T14:07:26","modified_gmt":"2023-01-14T14:07:26","slug":"gesundheit-pflege-rente","status":"publish","type":"page","link":"https:\/\/weller-hilft.de\/?page_id=41","title":{"rendered":"Gesundheit, Pflege, Rente"},"content":{"rendered":"\n<p class=\"has-black-color has-text-color has-medium-font-size\"><strong>Gesundheit, Pflege und Rente sind Themen, die uns alle betreffen. <\/strong><\/p>\n\n\n\n<p class=\"has-black-color has-text-color\">Auf der Basis meiner langj\u00e4hrigen Erfahrungen berate ich Sie gerne in folgenden Bereichen: <\/p>\n\n\n\n<ul class=\"has-black-color has-text-color wp-block-list\"><li>Arzthaftungsrecht<\/li><li>Recht der Krankenversicherung<\/li><li>Pflege und Rehabilitation <\/li><li>Recht der Unfallversicherung <\/li><li>Rentenversicherungsrecht. <\/li><\/ul>\n\n\n\n<p class=\"has-very-dark-gray-color has-text-color\">Sie haben Fragen? <a href=\"https:\/\/weller-hilft.de\/?page_id=343\">Dann lassen Sie uns einen Gespr\u00e4chstermin vereinbaren!<\/a> Gerne k\u00f6nnen wir uns auch zu einem digitalen Treffen \u00fcber unser datenschutzkonformes Videokonferenztool verabreden. <\/p>\n","protected":false},"excerpt":{"rendered":"<p>Gesundheit, Pflege und Rente sind Themen, die uns alle betreffen. Auf der Basis meiner langj\u00e4hrigen Erfahrungen berate ich Sie gerne in folgenden Bereichen: Arzthaftungsrecht Recht der Krankenversicherung Pflege und Rehabilitation Recht der Unfallversicherung Rentenversicherungsrecht. Sie haben Fragen? Dann lassen Sie uns einen Gespr\u00e4chstermin vereinbaren! Gerne k\u00f6nnen wir uns auch zu einem digitalen Treffen \u00fcber unser&hellip; <br \/> <a class=\"read-more\" href=\"https:\/\/weller-hilft.de\/?page_id=41\">Weiterlesen<\/a><\/p>\n","protected":false},"author":2,"featured_media":662,"parent":10,"menu_order":2,"comment_status":"closed","ping_status":"closed","template":"page-templates\/page-with-right-sidebar.php","meta":{"footnotes":""},"class_list":["post-41","page","type-page","status-publish","has-post-thumbnail","hentry"],"_links":{"self":[{"href":"https:\/\/weller-hilft.de\/index.php?rest_route=\/wp\/v2\/pages\/41","targetHints":{"allow":["GET"]}}],"collection":[{"href":"https:\/\/weller-hilft.de\/index.php?rest_route=\/wp\/v2\/pages"}],"about":[{"href":"https:\/\/weller-hilft.de\/index.php?rest_route=\/wp\/v2\/types\/page"}],"author":[{"embeddable":true,"href":"https:\/\/weller-hilft.de\/index.php?rest_route=\/wp\/v2\/users\/2"}],"replies":[{"embeddable":true,"href":"https:\/\/weller-hilft.de\/index.php?rest_route=%2Fwp%2Fv2%2Fcomments&post=41"}],"version-history":[{"count":8,"href":"https:\/\/weller-hilft.de\/index.php?rest_route=\/wp\/v2\/pages\/41\/revisions"}],"predecessor-version":[{"id":981,"href":"https:\/\/weller-hilft.de\/index.php?rest_route=\/wp\/v2\/pages\/41\/revisions\/981"}],"up":[{"embeddable":true,"href":"https:\/\/weller-hilft.de\/index.php?rest_route=\/wp\/v2\/pages\/10"}],"wp:featuredmedia":[{"embeddable":true,"href":"https:\/\/weller-hilft.de\/index.php?rest_route=\/wp\/v2\/media\/662"}],"wp:attachment":[{"href":"https:\/\/weller-hilft.de\/index.php?rest_route=%2Fwp%2Fv2%2Fmedia&parent=41"}],"curies":[{"name":"wp","href":"https:\/\/api.w.org\/{rel}","templated":true}]}}