{"id":407,"date":"2020-07-28T15:50:36","date_gmt":"2020-07-28T15:50:36","guid":{"rendered":"https:\/\/weller-hilft.de\/?page_id=407"},"modified":"2023-01-13T17:00:36","modified_gmt":"2023-01-13T17:00:36","slug":"gemeinnuetzigkeitsrecht","status":"publish","type":"page","link":"https:\/\/weller-hilft.de\/?page_id=407","title":{"rendered":"Gemeinn\u00fctzigkeitsrecht"},"content":{"rendered":"\n<p class=\"has-black-color has-text-color\">Was bedeutet &#8222;Gemeinn\u00fctzigkeit&#8220; eigentlich? Welche Vorteile bringt sie? Und wann ger\u00e4t sie in Gefahr?<\/p>\n\n\n\n<p class=\"has-black-color has-text-color\">Diese und weitere Fragen greifen einige Beitr\u00e4ge auf dieser Website auf. Stellen sich in Ihrem Verein konkrete Fragen zur Gemeinn\u00fctzigkeit, sollten Sie in jedem Fall Rechtsrat einholen. <\/p>\n\n\n\n<div class=\"wp-block-file\"><\/div>\n\n\n\n<div class=\"wp-block-file\"><\/div>\n\n\n\n<div class=\"wp-block-file\"><\/div>\n\n\n\n<div class=\"wp-block-file\"><\/div>\n\n\n\n<div class=\"wp-block-file\"><\/div>\n\n\n\n<div class=\"wp-block-file\"><\/div>\n\n\n\n<div class=\"wp-block-file\"><\/div>\n\n\n\n<div class=\"wp-block-file\"><\/div>\n\n\n\n<div class=\"wp-block-file\"><\/div>\n\n\n\n<div class=\"wp-block-file\"><\/div>\n\n\n\n<div class=\"wp-block-file\"><\/div>\n\n\n\n<div class=\"wp-block-file\"><\/div>\n\n\n\n<div class=\"wp-block-file\"><\/div>\n\n\n\n<div class=\"wp-block-file\"><\/div>\n\n\n\n<p><\/p>\n","protected":false},"excerpt":{"rendered":"<p>Was bedeutet &#8222;Gemeinn\u00fctzigkeit&#8220; eigentlich? Welche Vorteile bringt sie? Und wann ger\u00e4t sie in Gefahr? Diese und weitere Fragen greifen einige Beitr\u00e4ge auf dieser Website auf. Stellen sich in Ihrem Verein konkrete Fragen zur Gemeinn\u00fctzigkeit, sollten Sie in jedem Fall Rechtsrat einholen.<\/p>\n","protected":false},"author":2,"featured_media":518,"parent":43,"menu_order":0,"comment_status":"closed","ping_status":"closed","template":"page-templates\/page-with-right-sidebar.php","meta":{"footnotes":""},"class_list":["post-407","page","type-page","status-publish","has-post-thumbnail","hentry"],"_links":{"self":[{"href":"https:\/\/weller-hilft.de\/index.php?rest_route=\/wp\/v2\/pages\/407","targetHints":{"allow":["GET"]}}],"collection":[{"href":"https:\/\/weller-hilft.de\/index.php?rest_route=\/wp\/v2\/pages"}],"about":[{"href":"https:\/\/weller-hilft.de\/index.php?rest_route=\/wp\/v2\/types\/page"}],"author":[{"embeddable":true,"href":"https:\/\/weller-hilft.de\/index.php?rest_route=\/wp\/v2\/users\/2"}],"replies":[{"embeddable":true,"href":"https:\/\/weller-hilft.de\/index.php?rest_route=%2Fwp%2Fv2%2Fcomments&post=407"}],"version-history":[{"count":11,"href":"https:\/\/weller-hilft.de\/index.php?rest_route=\/wp\/v2\/pages\/407\/revisions"}],"predecessor-version":[{"id":926,"href":"https:\/\/weller-hilft.de\/index.php?rest_route=\/wp\/v2\/pages\/407\/revisions\/926"}],"up":[{"embeddable":true,"href":"https:\/\/weller-hilft.de\/index.php?rest_route=\/wp\/v2\/pages\/43"}],"wp:featuredmedia":[{"embeddable":true,"href":"https:\/\/weller-hilft.de\/index.php?rest_route=\/wp\/v2\/media\/518"}],"wp:attachment":[{"href":"https:\/\/weller-hilft.de\/index.php?rest_route=%2Fwp%2Fv2%2Fmedia&parent=407"}],"curies":[{"name":"wp","href":"https:\/\/api.w.org\/{rel}","templated":true}]}}