{"id":404,"date":"2020-07-28T15:50:18","date_gmt":"2020-07-28T15:50:18","guid":{"rendered":"https:\/\/weller-hilft.de\/?page_id=404"},"modified":"2023-01-13T16:53:49","modified_gmt":"2023-01-13T16:53:49","slug":"social-media","status":"publish","type":"page","link":"https:\/\/weller-hilft.de\/?page_id=404","title":{"rendered":"Datenschutz | Social Media"},"content":{"rendered":"\n<p class=\"has-black-color has-text-color\">Auch f\u00fcr Vereine gilt die Datenschutzgrundverordnung (DSGVO). Vereinsverantwortliche sollten sich bewusst machen, dass es hierbei um den Schutz der Mitglieder geht &#8230; und dies so auch nach au\u00dfen kommunizieren. Dann wird aus einer vermeintlich l\u00e4stigen Pflicht das Qualit\u00e4tsmerkmal eines modernen, transparenten und verantwortungsbewussten Vereins!<\/p>\n\n\n\n<div class=\"wp-block-file\"><a id=\"wp-block-file--media-3d472b75-3f36-455f-bf76-a8561e66d71b\" href=\"https:\/\/weller-hilft.de\/wp-content\/uploads\/2020\/07\/Fotos.pdf\"><br><\/a><\/div>\n\n\n\n<div class=\"wp-block-file\"><\/div>\n\n\n\n<div class=\"wp-block-file\"><\/div>\n\n\n\n<div class=\"wp-block-file\"><\/div>\n\n\n\n<div class=\"wp-block-file\"><\/div>\n\n\n\n<div class=\"wp-block-file\"><\/div>\n\n\n\n<div class=\"wp-block-file\"><\/div>\n\n\n\n<div class=\"wp-block-file\"><\/div>\n\n\n\n<div class=\"wp-block-file\"><\/div>\n\n\n\n<div class=\"wp-block-file\"><\/div>\n\n\n\n<div class=\"wp-block-file\"><\/div>\n\n\n\n<div class=\"wp-block-file\"><\/div>\n\n\n\n<div class=\"wp-block-file\"><a id=\"wp-block-file--media-872ba5d8-d306-4519-a830-cca92dad9ad5\" href=\"https:\/\/weller-hilft.de\/wp-content\/uploads\/2020\/07\/58_Datenschutz-und-kein-Ende.pdf\"><br><\/a><\/div>\n\n\n\n<div class=\"wp-block-file\"><\/div>\n\n\n\n<div class=\"wp-block-file\"><\/div>\n\n\n\n<div class=\"wp-block-file\"><a id=\"wp-block-file--media-c9639fff-03b6-4b76-8bc4-3b83e0f48b87\" href=\"https:\/\/weller-hilft.de\/wp-content\/uploads\/2020\/07\/28__14-07-2017__Probleme_mit_Links_01.pdf\"><br><\/a><\/div>\n\n\n\n<div class=\"wp-block-file\"><\/div>\n\n\n\n<div class=\"wp-block-file\"><\/div>\n\n\n\n<p><\/p>\n","protected":false},"excerpt":{"rendered":"<p>Auch f\u00fcr Vereine gilt die Datenschutzgrundverordnung (DSGVO). Vereinsverantwortliche sollten sich bewusst machen, dass es hierbei um den Schutz der Mitglieder geht &#8230; und dies so auch nach au\u00dfen kommunizieren. Dann wird aus einer vermeintlich l\u00e4stigen Pflicht das Qualit\u00e4tsmerkmal eines modernen, transparenten und verantwortungsbewussten Vereins!<\/p>\n","protected":false},"author":2,"featured_media":0,"parent":43,"menu_order":0,"comment_status":"closed","ping_status":"closed","template":"page-templates\/page-with-right-sidebar.php","meta":{"footnotes":""},"class_list":["post-404","page","type-page","status-publish","hentry"],"_links":{"self":[{"href":"https:\/\/weller-hilft.de\/index.php?rest_route=\/wp\/v2\/pages\/404","targetHints":{"allow":["GET"]}}],"collection":[{"href":"https:\/\/weller-hilft.de\/index.php?rest_route=\/wp\/v2\/pages"}],"about":[{"href":"https:\/\/weller-hilft.de\/index.php?rest_route=\/wp\/v2\/types\/page"}],"author":[{"embeddable":true,"href":"https:\/\/weller-hilft.de\/index.php?rest_route=\/wp\/v2\/users\/2"}],"replies":[{"embeddable":true,"href":"https:\/\/weller-hilft.de\/index.php?rest_route=%2Fwp%2Fv2%2Fcomments&post=404"}],"version-history":[{"count":11,"href":"https:\/\/weller-hilft.de\/index.php?rest_route=\/wp\/v2\/pages\/404\/revisions"}],"predecessor-version":[{"id":922,"href":"https:\/\/weller-hilft.de\/index.php?rest_route=\/wp\/v2\/pages\/404\/revisions\/922"}],"up":[{"embeddable":true,"href":"https:\/\/weller-hilft.de\/index.php?rest_route=\/wp\/v2\/pages\/43"}],"wp:attachment":[{"href":"https:\/\/weller-hilft.de\/index.php?rest_route=%2Fwp%2Fv2%2Fmedia&parent=404"}],"curies":[{"name":"wp","href":"https:\/\/api.w.org\/{rel}","templated":true}]}}