{"id":401,"date":"2020-07-28T15:49:55","date_gmt":"2020-07-28T15:49:55","guid":{"rendered":"https:\/\/weller-hilft.de\/?page_id=401"},"modified":"2023-01-13T17:18:44","modified_gmt":"2023-01-13T17:18:44","slug":"vorstandstaetigkeit","status":"publish","type":"page","link":"https:\/\/weller-hilft.de\/?page_id=401","title":{"rendered":"Vorstand und Vorstandsarbeit"},"content":{"rendered":"\n<p class=\"has-very-dark-gray-color has-text-color\">Der Vorstand f\u00fchrt die Gesch\u00e4fte des Vereins und wird f\u00fcr einen bestimmten Zeitraum gew\u00e4hlt. Dennoch kann es vorkommen, dass Vorstandsmitglieder aus unterschiedlichen Gr\u00fcnden ihr Amt vorzeitig aufgeben. <\/p>\n\n\n\n<p class=\"has-very-dark-gray-color has-text-color\">In den nachstehenden Artikeln, die in der Vereinsrechtskolumne der hiesigen Lokalzeitung erschienen sind, geht es um genau solche Situationen: Was ist beim R\u00fccktritt eines Vorstandsmitglied zu tun? Wann kann oder muss ein Vorstandsamt nachbesetzt werden? Oder was ist zu tun, wenn eine Vorstandsposition nicht besetzt werden kann?<\/p>\n\n\n\n<p class=\"has-very-dark-gray-color has-text-color\">Bitte beachten Sie, dass die Artikel teilweise schon etwas \u00e4lter sind. Sollten in Ihrem Verein rechtliche Fragen rund um die Vorstandsbesetzung auftreten, sollten Sie Rechtsrat einholen. <\/p>\n\n\n\n<div class=\"wp-block-file\"><\/div>\n\n\n\n<div class=\"wp-block-file\"><a id=\"wp-block-file--media-938320b5-8277-42cb-87b4-a4051a2bea49\" href=\"https:\/\/weller-hilft.de\/wp-content\/uploads\/2020\/07\/Vertretungsvorstand_02-06-2017.pdf\"><br><br><\/a><\/div>\n\n\n\n<div class=\"wp-block-file\"><\/div>\n\n\n\n<div class=\"wp-block-file\"><\/div>\n\n\n\n<div class=\"wp-block-file\"><\/div>\n\n\n\n<div class=\"wp-block-file\"><\/div>\n\n\n\n<div class=\"wp-block-file\"><\/div>\n\n\n\n<div class=\"wp-block-file\"><\/div>\n\n\n\n<div class=\"wp-block-file\"><\/div>\n\n\n\n<div class=\"wp-block-file\"><\/div>\n\n\n\n<div class=\"wp-block-file\"><\/div>\n\n\n\n<div class=\"wp-block-file\"><\/div>\n\n\n\n<p><\/p>\n","protected":false},"excerpt":{"rendered":"<p>Der Vorstand f\u00fchrt die Gesch\u00e4fte des Vereins und wird f\u00fcr einen bestimmten Zeitraum gew\u00e4hlt. Dennoch kann es vorkommen, dass Vorstandsmitglieder aus unterschiedlichen Gr\u00fcnden ihr Amt vorzeitig aufgeben. In den nachstehenden Artikeln, die in der Vereinsrechtskolumne der hiesigen Lokalzeitung erschienen sind, geht es um genau solche Situationen: Was ist beim R\u00fccktritt eines Vorstandsmitglied zu tun? Wann&hellip; <br \/> <a class=\"read-more\" href=\"https:\/\/weller-hilft.de\/?page_id=401\">Weiterlesen<\/a><\/p>\n","protected":false},"author":2,"featured_media":217,"parent":43,"menu_order":0,"comment_status":"closed","ping_status":"closed","template":"page-templates\/page-with-right-sidebar.php","meta":{"footnotes":""},"class_list":["post-401","page","type-page","status-publish","has-post-thumbnail","hentry"],"_links":{"self":[{"href":"https:\/\/weller-hilft.de\/index.php?rest_route=\/wp\/v2\/pages\/401","targetHints":{"allow":["GET"]}}],"collection":[{"href":"https:\/\/weller-hilft.de\/index.php?rest_route=\/wp\/v2\/pages"}],"about":[{"href":"https:\/\/weller-hilft.de\/index.php?rest_route=\/wp\/v2\/types\/page"}],"author":[{"embeddable":true,"href":"https:\/\/weller-hilft.de\/index.php?rest_route=\/wp\/v2\/users\/2"}],"replies":[{"embeddable":true,"href":"https:\/\/weller-hilft.de\/index.php?rest_route=%2Fwp%2Fv2%2Fcomments&post=401"}],"version-history":[{"count":13,"href":"https:\/\/weller-hilft.de\/index.php?rest_route=\/wp\/v2\/pages\/401\/revisions"}],"predecessor-version":[{"id":936,"href":"https:\/\/weller-hilft.de\/index.php?rest_route=\/wp\/v2\/pages\/401\/revisions\/936"}],"up":[{"embeddable":true,"href":"https:\/\/weller-hilft.de\/index.php?rest_route=\/wp\/v2\/pages\/43"}],"wp:featuredmedia":[{"embeddable":true,"href":"https:\/\/weller-hilft.de\/index.php?rest_route=\/wp\/v2\/media\/217"}],"wp:attachment":[{"href":"https:\/\/weller-hilft.de\/index.php?rest_route=%2Fwp%2Fv2%2Fmedia&parent=401"}],"curies":[{"name":"wp","href":"https:\/\/api.w.org\/{rel}","templated":true}]}}