{"id":395,"date":"2020-07-28T15:49:15","date_gmt":"2020-07-28T15:49:15","guid":{"rendered":"https:\/\/weller-hilft.de\/?page_id=395"},"modified":"2023-01-13T17:16:26","modified_gmt":"2023-01-13T17:16:26","slug":"vereinsgruendung","status":"publish","type":"page","link":"https:\/\/weller-hilft.de\/?page_id=395","title":{"rendered":"Verein &#8230; gr\u00fcnden, fusionieren, aufl\u00f6sen"},"content":{"rendered":"\n<p class=\"has-black-color has-text-color\">Am Anfang steht eine gute Idee, die von Menschen angepackt und umgesetzt wird. Oft braucht es neben allem Engagement irgendwann dann auch &#8222;ein Dach&#8220;, eine Rechtsform, um handlungsf\u00e4hig zu sein und beispielsweise F\u00f6rdermittel beantragen zu k\u00f6nnen. <\/p>\n\n\n\n<p class=\"has-black-color has-text-color\">Es gibt aber auch Situationen, in denen sich Bew\u00e4hrtes nicht l\u00e4nger aufrecht erhalten l\u00e4sst und es sinnvoll ist, den Verein zu liquidieren oder mit einem anderen Verein zu fusionieren. <\/p>\n\n\n\n<p class=\"has-black-color has-text-color\">Diese ganz unterschiedlichen &#8222;Lebensphasen&#8220; eines Vereins greifen die nachstehenden Beitr\u00e4ge auf. Sie sind der in der Vereinsrechtkolumne der Wetzlarer Neue Zeitung erschienen.<\/p>\n\n\n\n<p class=\"has-black-color has-text-color\">Es empfiehlt sich immer, bei Fragen zur Vereinsgr\u00fcndung, zur Fusion oder Vereinsaufl\u00f6sung rechtlichen Rat einzuholen. <\/p>\n\n\n\n<div class=\"wp-block-group\"><div class=\"wp-block-group__inner-container is-layout-flow wp-block-group-is-layout-flow\">\n<div class=\"wp-block-file\"><a id=\"wp-block-file--media-2204efe9-cf44-4a73-ba68-d5b777ce5001\" href=\"https:\/\/weller-hilft.de\/wp-content\/uploads\/2020\/07\/Vereinsgr\u00fcndung-Schritt-f\u00fcr-Schritt-Juli-2017.pdf\">Vereinsgr\u00fcndung-Schritt-f\u00fcr-Schritt-Juli-2017<\/a><\/div>\n<\/div><\/div>\n\n\n\n<div class=\"wp-block-file\"><a id=\"wp-block-file--media-9a2e6630-3b4e-43d0-8ec5-45ba5a071c4d\" href=\"https:\/\/weller-hilft.de\/wp-content\/uploads\/2020\/07\/Fusion-von-Vereinen-14-12-2018.pdf\" target=\"_blank\" rel=\"noreferrer noopener\">Fusion-von-Vereinen-14-12-2018<\/a><\/div>\n\n\n\n<p><\/p>\n","protected":false},"excerpt":{"rendered":"<p>Am Anfang steht eine gute Idee, die von Menschen angepackt und umgesetzt wird. Oft braucht es neben allem Engagement irgendwann dann auch &#8222;ein Dach&#8220;, eine Rechtsform, um handlungsf\u00e4hig zu sein und beispielsweise F\u00f6rdermittel beantragen zu k\u00f6nnen. Es gibt aber auch Situationen, in denen sich Bew\u00e4hrtes nicht l\u00e4nger aufrecht erhalten l\u00e4sst und es sinnvoll ist, den&hellip; <br \/> <a class=\"read-more\" href=\"https:\/\/weller-hilft.de\/?page_id=395\">Weiterlesen<\/a><\/p>\n","protected":false},"author":2,"featured_media":299,"parent":43,"menu_order":0,"comment_status":"closed","ping_status":"closed","template":"page-templates\/page-with-right-sidebar.php","meta":{"footnotes":""},"class_list":["post-395","page","type-page","status-publish","has-post-thumbnail","hentry"],"_links":{"self":[{"href":"https:\/\/weller-hilft.de\/index.php?rest_route=\/wp\/v2\/pages\/395","targetHints":{"allow":["GET"]}}],"collection":[{"href":"https:\/\/weller-hilft.de\/index.php?rest_route=\/wp\/v2\/pages"}],"about":[{"href":"https:\/\/weller-hilft.de\/index.php?rest_route=\/wp\/v2\/types\/page"}],"author":[{"embeddable":true,"href":"https:\/\/weller-hilft.de\/index.php?rest_route=\/wp\/v2\/users\/2"}],"replies":[{"embeddable":true,"href":"https:\/\/weller-hilft.de\/index.php?rest_route=%2Fwp%2Fv2%2Fcomments&post=395"}],"version-history":[{"count":8,"href":"https:\/\/weller-hilft.de\/index.php?rest_route=\/wp\/v2\/pages\/395\/revisions"}],"predecessor-version":[{"id":935,"href":"https:\/\/weller-hilft.de\/index.php?rest_route=\/wp\/v2\/pages\/395\/revisions\/935"}],"up":[{"embeddable":true,"href":"https:\/\/weller-hilft.de\/index.php?rest_route=\/wp\/v2\/pages\/43"}],"wp:featuredmedia":[{"embeddable":true,"href":"https:\/\/weller-hilft.de\/index.php?rest_route=\/wp\/v2\/media\/299"}],"wp:attachment":[{"href":"https:\/\/weller-hilft.de\/index.php?rest_route=%2Fwp%2Fv2%2Fmedia&parent=395"}],"curies":[{"name":"wp","href":"https:\/\/api.w.org\/{rel}","templated":true}]}}