{"id":346,"date":"2020-04-05T17:16:09","date_gmt":"2020-04-05T17:16:09","guid":{"rendered":"https:\/\/cabrio-du.net\/?page_id=346"},"modified":"2023-01-14T14:41:09","modified_gmt":"2023-01-14T14:41:09","slug":"veroeffentlichungen","status":"publish","type":"page","link":"https:\/\/weller-hilft.de\/?page_id=346","title":{"rendered":"Ver\u00f6ffentlichungen"},"content":{"rendered":"\n<p class=\"has-medium-font-size\"><strong>B\u00fccher<\/strong><\/p>\n\n\n\n<p><\/p>\n\n\n\n<blockquote class=\"wp-block-quote is-style-plain has-medium-font-size is-layout-flow wp-block-quote-is-layout-flow\" style=\"font-style:normal;font-weight:700\"><p>Datenschutz f\u00fcr Vereine: Leitfaden f\u00fcr die Vereinspraxis<\/p><cite><strong>Dr. Frank Weller | 2. Auflage 2020<\/strong><\/cite><\/blockquote>\n\n\n\n<div class=\"wp-block-media-text alignwide is-stacked-on-mobile\" style=\"grid-template-columns:15% auto\"><figure class=\"wp-block-media-text__media\"><img loading=\"lazy\" decoding=\"async\" width=\"203\" height=\"300\" src=\"https:\/\/weller-hilft.de\/wp-content\/uploads\/2022\/04\/datenschutz-203x300.jpg\" alt=\"\" class=\"wp-image-726 size-medium\" srcset=\"https:\/\/weller-hilft.de\/wp-content\/uploads\/2022\/04\/datenschutz-203x300.jpg 203w, https:\/\/weller-hilft.de\/wp-content\/uploads\/2022\/04\/datenschutz.jpg 359w\" sizes=\"auto, (max-width: 203px) 100vw, 203px\" \/><\/figure><div class=\"wp-block-media-text__content\">\n<p class=\"has-black-color has-text-color\" style=\"font-size:16px\">Ob Mitgliederverwaltung oder Spendenlisten: Vereine arbeiten mit einer wachsenden F\u00fclle personenbezogener Daten. F\u00fcr einen rechtssicheren Umgang mit Daten im Vereinsalltag beantwortet Dr. Frank Weller jetzt alle wichtigen Fragen: Von Inhalten nach DSGVO und BDSG (neu) \u00fcber Informationspflichten und Aufgaben des Datenschutzbeauftragten bis zur Datensicherung.<\/p>\n\n\n\n<p class=\"has-black-color has-text-color\">Mit vielen Praxistipps und Mustertexten sowie aktuellen Hinweisen, die sich aufgrund der Corona-Pandemie ergeben (z.B. virtuelle Sitzungen).<\/p>\n\n\n\n<p class=\"has-black-color has-text-color\">Das Buch ist erschienen im Erich Schmidt Verlag.<\/p>\n<\/div><\/div>\n\n\n\n<p class=\"has-black-color has-text-color\"><\/p>\n\n\n\n<blockquote class=\"wp-block-quote is-style-plain has-medium-font-size is-layout-flow wp-block-quote-is-layout-flow\" style=\"font-style:normal;font-weight:700\"><p><strong>Gutes einfach verbreiten<\/strong><\/p><cite><strong>Stiftung B\u00fcrgermut (Hrsg.) in Kooperation mit der Bertelsmann Stiftung und dem Bundesverband Deutscher Stiftungen<\/strong><\/cite><\/blockquote>\n\n\n\n<div class=\"wp-block-media-text alignwide is-stacked-on-mobile\" style=\"grid-template-columns:15% auto\"><figure class=\"wp-block-media-text__media\"><img loading=\"lazy\" decoding=\"async\" width=\"209\" height=\"280\" src=\"https:\/\/weller-hilft.de\/wp-content\/uploads\/2022\/04\/e-book.jpg\" alt=\"\" class=\"wp-image-719 size-full\"\/><\/figure><div class=\"wp-block-media-text__content\">\n<p class=\"has-black-color has-text-color\" style=\"font-size:16px\">Eine gute Idee zu haben, gen\u00fcgt nicht! <\/p>\n\n\n\n<p class=\"has-black-color has-text-color\" style=\"font-size:16px\">Die Frage ist: Wie setzt man gemeinn\u00fctzige Projekte erfolgreich um? Oder: Wie bekommen gute Ideen Fl\u00fcgel? Dies beantworten 56 erfahrene Praktiker:innen &#8211; darunter Dr. Frank Weller. <\/p>\n\n\n\n<p class=\"has-black-color has-text-color\" style=\"font-size:16px\">Auf fast 400 eBook-Seiten findet sich jede Menge Wissen, Erfahrungen und praktische Tipps, beispielsweise zu Rechts- und Organisationsfragen, Strategie und Finanzierung.<\/p>\n\n\n\n<p class=\"has-black-color has-text-color\">Aus der Praxis f\u00fcr die Praxis!<\/p>\n<\/div><\/div>\n\n\n\n<p class=\"has-black-color has-text-color\"><strong><a href=\"https:\/\/opentransfer.de\/e-book-gutes-einfach-verbreiten\/\">Zum kostenlosen Download:<\/a><\/strong> Stiftung B\u00fcrgermut (Hrsg.): Gutes einfach verbreiten! Handbuch f\u00fcr erfolgreichen Projekttransfer, 380 Seiten mit 130 Abbildungen, ISBN: 978-3-7309-7781-1<\/p>\n\n\n\n<blockquote class=\"wp-block-quote is-style-plain has-medium-font-size is-layout-flow wp-block-quote-is-layout-flow\" style=\"font-style:normal;font-weight:700\"><p><\/p><p><strong>Erfolgreiches Fundraising f\u00fcr Kitas <\/strong><\/p><cite><strong>erschienen im Verlag Carl Link | Autoren: Karin Buchner und Dr. Frank Weller <\/strong><\/cite><\/blockquote>\n\n\n\n<div class=\"wp-block-media-text alignwide is-stacked-on-mobile\" style=\"grid-template-columns:15% auto\"><figure class=\"wp-block-media-text__media\"><img loading=\"lazy\" decoding=\"async\" width=\"199\" height=\"300\" src=\"https:\/\/weller-hilft.de\/wp-content\/uploads\/2022\/04\/kitas-199x300.jpg\" alt=\"\" class=\"wp-image-738 size-full\" srcset=\"https:\/\/weller-hilft.de\/wp-content\/uploads\/2022\/04\/kitas-199x300.jpg 199w, https:\/\/weller-hilft.de\/wp-content\/uploads\/2022\/04\/kitas.jpg 317w\" sizes=\"auto, (max-width: 199px) 100vw, 199px\" \/><\/figure><div class=\"wp-block-media-text__content\">\n<p class=\"has-black-color has-text-color\" style=\"font-size:16px\">Karin Buchner und Frank Weller bieten einen umfassenden Einstieg in das Thema Fundraising, und zwar nicht nur f\u00fcr Kitas. <\/p>\n\n\n\n<p class=\"has-black-color has-text-color\">Die Grundlagen f\u00fcr die Gewinnung von Spender:innen werden an vielen Praxisbeispielen dargestellt.  Dazu gibt Rechts-Tipps und ausf\u00fchrliche Informationen zum Datenschutz, so dass m\u00f6gliche Fallstricke von Beginn an vermieden werden.<\/p>\n\n\n\n<p class=\"has-black-color has-text-color\">Das Buch ist erschienen im Verlag Carl Link.<\/p>\n<\/div><\/div>\n\n\n\n<p><\/p>\n","protected":false},"excerpt":{"rendered":"<p>B\u00fccher Datenschutz f\u00fcr Vereine: Leitfaden f\u00fcr die Vereinspraxis Dr. Frank Weller | 2. Auflage 2020 Ob Mitgliederverwaltung oder Spendenlisten: Vereine arbeiten mit einer wachsenden F\u00fclle personenbezogener Daten. F\u00fcr einen rechtssicheren Umgang mit Daten im Vereinsalltag beantwortet Dr. Frank Weller jetzt alle wichtigen Fragen: Von Inhalten nach DSGVO und BDSG (neu) \u00fcber Informationspflichten und Aufgaben des&hellip; <br \/> <a class=\"read-more\" href=\"https:\/\/weller-hilft.de\/?page_id=346\">Weiterlesen<\/a><\/p>\n","protected":false},"author":2,"featured_media":743,"parent":14,"menu_order":0,"comment_status":"closed","ping_status":"closed","template":"","meta":{"footnotes":""},"class_list":["post-346","page","type-page","status-publish","has-post-thumbnail","hentry"],"_links":{"self":[{"href":"https:\/\/weller-hilft.de\/index.php?rest_route=\/wp\/v2\/pages\/346","targetHints":{"allow":["GET"]}}],"collection":[{"href":"https:\/\/weller-hilft.de\/index.php?rest_route=\/wp\/v2\/pages"}],"about":[{"href":"https:\/\/weller-hilft.de\/index.php?rest_route=\/wp\/v2\/types\/page"}],"author":[{"embeddable":true,"href":"https:\/\/weller-hilft.de\/index.php?rest_route=\/wp\/v2\/users\/2"}],"replies":[{"embeddable":true,"href":"https:\/\/weller-hilft.de\/index.php?rest_route=%2Fwp%2Fv2%2Fcomments&post=346"}],"version-history":[{"count":41,"href":"https:\/\/weller-hilft.de\/index.php?rest_route=\/wp\/v2\/pages\/346\/revisions"}],"predecessor-version":[{"id":998,"href":"https:\/\/weller-hilft.de\/index.php?rest_route=\/wp\/v2\/pages\/346\/revisions\/998"}],"up":[{"embeddable":true,"href":"https:\/\/weller-hilft.de\/index.php?rest_route=\/wp\/v2\/pages\/14"}],"wp:featuredmedia":[{"embeddable":true,"href":"https:\/\/weller-hilft.de\/index.php?rest_route=\/wp\/v2\/media\/743"}],"wp:attachment":[{"href":"https:\/\/weller-hilft.de\/index.php?rest_route=%2Fwp%2Fv2%2Fmedia&parent=346"}],"curies":[{"name":"wp","href":"https:\/\/api.w.org\/{rel}","templated":true}]}}