{"id":325,"date":"2020-04-05T16:56:14","date_gmt":"2020-04-05T16:56:14","guid":{"rendered":"https:\/\/cabrio-du.net\/?page_id=325"},"modified":"2023-01-14T16:03:28","modified_gmt":"2023-01-14T16:03:28","slug":"seminare","status":"publish","type":"page","link":"https:\/\/weller-hilft.de\/?page_id=325","title":{"rendered":"Seminare"},"content":{"rendered":"\n<p><\/p>\n\n\n\n<p><\/p>\n\n\n\n<p class=\"has-black-color has-text-color has-medium-font-size\"><strong>Seminare\/Workshops\/Vortr\u00e4ge<\/strong><\/p>\n\n\n\n<p class=\"has-black-color has-text-color\">Gerade f\u00fcr Vereine und Vereinsvorst\u00e4nde ist es oftmals wichtig, sich einen generellen \u00dcberblick \u00fcber die vereinsrechtlichen Rahmenbedingungen zu verschaffen, dabei aber auch die individuellen Gegebenheiten des Vereins zu ber\u00fccksichtigen. <\/p>\n\n\n\n<p class=\"has-black-color has-text-color\">Dann bietet es sich an, eine Schulung zu konzipieren, die genau auf Ihre Bed\u00fcrfnisse zugeschnitten ist. <\/p>\n\n\n\n<p class=\"has-black-color has-text-color\"><a href=\"https:\/\/weller-hilft.de\/?page_id=343\" target=\"_blank\" rel=\"noreferrer noopener\">Gerne berate ich Sie<\/a> und erstelle Ihnen ein ma\u00dfgeschneidertes Angebot.<\/p>\n\n\n\n<p class=\"has-black-color has-text-color\"><strong>\u00dcbrigens<\/strong>: Wir nutzen ein eigenes, datenschutzkonformes Videokonferenzsystem, so dass wir Fortbildungen oder Vereinsberatungen gerne auch online durchf\u00fchren k\u00f6nnen. So sparen Sie Zeit und k\u00f6nnen alle Kolleginnen und Kollegen beteiligen, die gerne teilnehmen m\u00f6chten! <\/p>\n","protected":false},"excerpt":{"rendered":"<p>Seminare\/Workshops\/Vortr\u00e4ge Gerade f\u00fcr Vereine und Vereinsvorst\u00e4nde ist es oftmals wichtig, sich einen generellen \u00dcberblick \u00fcber die vereinsrechtlichen Rahmenbedingungen zu verschaffen, dabei aber auch die individuellen Gegebenheiten des Vereins zu ber\u00fccksichtigen. Dann bietet es sich an, eine Schulung zu konzipieren, die genau auf Ihre Bed\u00fcrfnisse zugeschnitten ist. Gerne berate ich Sie und erstelle Ihnen ein ma\u00dfgeschneidertes&hellip; <br \/> <a class=\"read-more\" href=\"https:\/\/weller-hilft.de\/?page_id=325\">Weiterlesen<\/a><\/p>\n","protected":false},"author":2,"featured_media":294,"parent":0,"menu_order":0,"comment_status":"closed","ping_status":"closed","template":"page-templates\/page-with-right-sidebar.php","meta":{"footnotes":""},"class_list":["post-325","page","type-page","status-publish","has-post-thumbnail","hentry"],"_links":{"self":[{"href":"https:\/\/weller-hilft.de\/index.php?rest_route=\/wp\/v2\/pages\/325","targetHints":{"allow":["GET"]}}],"collection":[{"href":"https:\/\/weller-hilft.de\/index.php?rest_route=\/wp\/v2\/pages"}],"about":[{"href":"https:\/\/weller-hilft.de\/index.php?rest_route=\/wp\/v2\/types\/page"}],"author":[{"embeddable":true,"href":"https:\/\/weller-hilft.de\/index.php?rest_route=\/wp\/v2\/users\/2"}],"replies":[{"embeddable":true,"href":"https:\/\/weller-hilft.de\/index.php?rest_route=%2Fwp%2Fv2%2Fcomments&post=325"}],"version-history":[{"count":6,"href":"https:\/\/weller-hilft.de\/index.php?rest_route=\/wp\/v2\/pages\/325\/revisions"}],"predecessor-version":[{"id":1033,"href":"https:\/\/weller-hilft.de\/index.php?rest_route=\/wp\/v2\/pages\/325\/revisions\/1033"}],"wp:featuredmedia":[{"embeddable":true,"href":"https:\/\/weller-hilft.de\/index.php?rest_route=\/wp\/v2\/media\/294"}],"wp:attachment":[{"href":"https:\/\/weller-hilft.de\/index.php?rest_route=%2Fwp%2Fv2%2Fmedia&parent=325"}],"curies":[{"name":"wp","href":"https:\/\/api.w.org\/{rel}","templated":true}]}}