{"id":322,"date":"2020-04-05T16:55:57","date_gmt":"2020-04-05T16:55:57","guid":{"rendered":"https:\/\/cabrio-du.net\/?page_id=322"},"modified":"2023-01-14T16:27:55","modified_gmt":"2023-01-14T16:27:55","slug":"datenschutz","status":"publish","type":"page","link":"https:\/\/weller-hilft.de\/?page_id=322","title":{"rendered":"Datenschutz"},"content":{"rendered":"\n<p class=\"has-black-color has-text-color has-medium-font-size\"><strong>Datenschutz<\/strong><\/p>\n\n\n\n<p class=\"has-black-color has-text-color\">&#8230; ist auch f\u00fcr Vereine ein wichtiges Thema, denn die Daten der Mitglieder sind sogenannte <strong>personenbezogene <\/strong>Daten, die angemessen gesch\u00fctzt werden m\u00fcssen. <\/p>\n\n\n\n<p class=\"has-black-color has-text-color\">Gerne berate ich Sie rund um das Thema &#8222;Datenschutz im Verein&#8220; und kl\u00e4re mit Ihnen, ob beispielsweise in Ihrem Verein ein Datenschutzbeauftragter\/eine Datenschutzbeauftragte zu benennen ist, wie Sie ein Verfahrensverzeichnis erstellen oder wie Sie Ihre Homepage rechtssicher gestalten. <\/p>\n\n\n\n<p class=\"has-black-color has-text-color\">Unter &#8222;Kategorien&#8220; (siehe rechte Spalte) finden Sie auch weitere Informationen zum Datenschutz im Verein. Zu diesem Thema habe ich u.a. ein <a rel=\"noreferrer noopener\" href=\"https:\/\/weller-hilft.de\/?page_id=346\" data-type=\"URL\" data-id=\"https:\/\/weller-hilft.de\/?page_id=346\" target=\"_blank\">Buch<\/a> ver\u00f6ffentlicht.<\/p>\n\n\n\n<p class=\"has-black-color has-text-color\">Ich freue mich auf Ihren Anruf oder auf Ihre Mail.<\/p>\n","protected":false},"excerpt":{"rendered":"<p>Datenschutz &#8230; ist auch f\u00fcr Vereine ein wichtiges Thema, denn die Daten der Mitglieder sind sogenannte personenbezogene Daten, die angemessen gesch\u00fctzt werden m\u00fcssen. Gerne berate ich Sie rund um das Thema &#8222;Datenschutz im Verein&#8220; und kl\u00e4re mit Ihnen, ob beispielsweise in Ihrem Verein ein Datenschutzbeauftragter\/eine Datenschutzbeauftragte zu benennen ist, wie Sie ein Verfahrensverzeichnis erstellen oder&hellip; <br \/> <a class=\"read-more\" href=\"https:\/\/weller-hilft.de\/?page_id=322\">Weiterlesen<\/a><\/p>\n","protected":false},"author":2,"featured_media":219,"parent":0,"menu_order":0,"comment_status":"closed","ping_status":"closed","template":"page-templates\/page-with-right-sidebar.php","meta":{"footnotes":""},"class_list":["post-322","page","type-page","status-publish","has-post-thumbnail","hentry"],"_links":{"self":[{"href":"https:\/\/weller-hilft.de\/index.php?rest_route=\/wp\/v2\/pages\/322","targetHints":{"allow":["GET"]}}],"collection":[{"href":"https:\/\/weller-hilft.de\/index.php?rest_route=\/wp\/v2\/pages"}],"about":[{"href":"https:\/\/weller-hilft.de\/index.php?rest_route=\/wp\/v2\/types\/page"}],"author":[{"embeddable":true,"href":"https:\/\/weller-hilft.de\/index.php?rest_route=\/wp\/v2\/users\/2"}],"replies":[{"embeddable":true,"href":"https:\/\/weller-hilft.de\/index.php?rest_route=%2Fwp%2Fv2%2Fcomments&post=322"}],"version-history":[{"count":14,"href":"https:\/\/weller-hilft.de\/index.php?rest_route=\/wp\/v2\/pages\/322\/revisions"}],"predecessor-version":[{"id":1041,"href":"https:\/\/weller-hilft.de\/index.php?rest_route=\/wp\/v2\/pages\/322\/revisions\/1041"}],"wp:featuredmedia":[{"embeddable":true,"href":"https:\/\/weller-hilft.de\/index.php?rest_route=\/wp\/v2\/media\/219"}],"wp:attachment":[{"href":"https:\/\/weller-hilft.de\/index.php?rest_route=%2Fwp%2Fv2%2Fmedia&parent=322"}],"curies":[{"name":"wp","href":"https:\/\/api.w.org\/{rel}","templated":true}]}}