{"id":257,"date":"2020-03-30T21:43:31","date_gmt":"2020-03-30T21:43:31","guid":{"rendered":"https:\/\/cabrio-du.net\/?page_id=257"},"modified":"2023-02-01T16:42:37","modified_gmt":"2023-02-01T16:42:37","slug":"mesmerize","status":"publish","type":"page","link":"https:\/\/weller-hilft.de\/","title":{"rendered":"Front Page"},"content":{"rendered":"<div  data-label=\"Features\" data-id=\"features--1\" data-export-id=\"features-16\" data-category=\"features\" class=\"features-16 content-section content-section-spacing\" id=\"features-4\" style=\"background-color: rgb(255, 255, 255); background-image: none;\"><div  class=\"\"> <div  class=\"row text-center\"><div  class=\"section-title-col\" data-type=\"column\">  <\/div> <\/div> <div  class=\"row spaced-cols\" data-type=\"row\"> <div  class=\"col-xs-12 col-sm-6 col-md-4 space-bottom\"> <img  decoding=\"async\" class=\"face\" src=\"https:\/\/weller-hilft.de\/wp-content\/uploads\/2020\/03\/cropped-cropped-cropped-clause-684509_1920-e1651155403523-4.jpg\" title=\"cropped-cropped-cropped-clause-684509_1920-e1651155403523-4.jpg\" alt=\"\"> <div  data-type=\"column\" class=\"col-padding-small col-padding-small-xs description-container\"> <h4  class=\"font-500\">Rechtsgebiete<\/h4> <p  class=\"\">Auch Juristen f\u00e4llt es schwer, bei der F\u00fclle von Gesetzen und Verordnungen den \u00dcberblick zu behalten und sich in allen Rechtsgebieten einigerma\u00dfen sicher auszukennen.&nbsp;Um Sie gut zu beraten, habe ich mich deshalb auf einige Rechtsgebiete spezialisiert. Dazu geh\u00f6ren insbesondere Vereinsrecht<br >und der Bereich Gesundheit, Pflege, Rente.<\/p> <a class=\"link\" href=\"https:\/\/weller-hilft.de?page_id=10\" target=\"_self\" data-cp-link=\"1\" rel=\"noopener\">Mehr erfahren<\/a><\/div> <\/div><div  class=\"col-xs-12 col-sm-6 col-md-4 space-bottom\"> <a  data-cp-link=\"1\" href=\"#\"><img  decoding=\"async\" class=\"face\" src=\"https:\/\/weller-hilft.de\/wp-content\/uploads\/2020\/03\/cropped-workshop-746539_1920.jpg\" alt=\"\" title=\"cropped-workshop-746539_1920.jpg\"><\/a> <div  data-type=\"column\" class=\"col-padding-small col-padding-small-xs description-container\"> <h4  class=\"font-500\">Seminare und Workshops<\/h4> <p  class=\"\">Zu allen vereinsrechtlichen Themen biete ich Ihnen Seminare oder Inhouse-Veranstaltungen an.&nbsp;\n<br >Sprechen Sie mich gerne an.&nbsp;<\/p> <a class=\"read-more\" href=\"https:\/\/weller-hilft.de?page_id=325\" target=\"_self\" data-cp-link=\"1\" rel=\"noopener noreferrer\">Mehr erfahren<\/a><\/div> <\/div>  <div  class=\"col-xs-12 col-sm-6 col-md-4 space-bottom\"> <img  decoding=\"async\" class=\"face\" src=\"https:\/\/weller-hilft.de\/wp-content\/plugins\/mesmerize-companion\/theme-data\/mesmerize\/sections\/images\/laptop-2559795.jpg\"> <div  data-type=\"column\" class=\"col-padding-small col-padding-small-xs description-container\"> <h4  class=\"font-500\">Datenschutz<\/h4> <p  class=\"\">Die Datenschutz-Grundverordnung (DSGVO) gilt auch f\u00fcr Vereine. Gerne unterst\u00fctze ich Sie bei der Erstellung eines Verfahrensverzeichnisses und bei der Organisation Ihrer datenschutzkonformen (Vereins)Arbeit.&nbsp;<\/p> <a class=\"read-more\" href=\"https:\/\/weller-hilft.de?page_id=322\" target=\"_blank\" data-cp-link=\"1\" rel=\"noopener noreferrer\">Mehr erfahren<\/a><\/div> <\/div><\/div> <\/div><\/div>","protected":false},"excerpt":{"rendered":"<p>Rechtsgebiete Auch Juristen f\u00e4llt es schwer, bei der F\u00fclle von Gesetzen und Verordnungen den \u00dcberblick zu behalten und sich in allen Rechtsgebieten einigerma\u00dfen sicher auszukennen.&nbsp;Um Sie gut zu beraten, habe ich mich deshalb auf einige Rechtsgebiete spezialisiert. Dazu geh\u00f6ren insbesondere Vereinsrechtund der Bereich Gesundheit, Pflege, Rente. Mehr erfahren Seminare und Workshops Zu allen vereinsrechtlichen Themen&hellip; <br \/> <a class=\"read-more\" href=\"https:\/\/weller-hilft.de\/\">Weiterlesen<\/a><\/p>\n","protected":false},"author":1,"featured_media":0,"parent":0,"menu_order":0,"comment_status":"closed","ping_status":"closed","template":"page-templates\/homepage.php","meta":{"footnotes":""},"class_list":["post-257","page","type-page","status-publish","hentry"],"_links":{"self":[{"href":"https:\/\/weller-hilft.de\/index.php?rest_route=\/wp\/v2\/pages\/257","targetHints":{"allow":["GET"]}}],"collection":[{"href":"https:\/\/weller-hilft.de\/index.php?rest_route=\/wp\/v2\/pages"}],"about":[{"href":"https:\/\/weller-hilft.de\/index.php?rest_route=\/wp\/v2\/types\/page"}],"author":[{"embeddable":true,"href":"https:\/\/weller-hilft.de\/index.php?rest_route=\/wp\/v2\/users\/1"}],"replies":[{"embeddable":true,"href":"https:\/\/weller-hilft.de\/index.php?rest_route=%2Fwp%2Fv2%2Fcomments&post=257"}],"version-history":[{"count":27,"href":"https:\/\/weller-hilft.de\/index.php?rest_route=\/wp\/v2\/pages\/257\/revisions"}],"predecessor-version":[{"id":1063,"href":"https:\/\/weller-hilft.de\/index.php?rest_route=\/wp\/v2\/pages\/257\/revisions\/1063"}],"wp:attachment":[{"href":"https:\/\/weller-hilft.de\/index.php?rest_route=%2Fwp%2Fv2%2Fmedia&parent=257"}],"curies":[{"name":"wp","href":"https:\/\/api.w.org\/{rel}","templated":true}]}}