{"id":12,"date":"2020-03-25T17:26:02","date_gmt":"2020-03-25T17:26:02","guid":{"rendered":"https:\/\/cabrio-du.net\/?page_id=12"},"modified":"2023-01-13T18:43:58","modified_gmt":"2023-01-13T18:43:58","slug":"mediation","status":"publish","type":"page","link":"https:\/\/weller-hilft.de\/?page_id=12","title":{"rendered":"Mediation"},"content":{"rendered":"\n<p class=\"has-black-color has-text-color has-medium-font-size\"><strong>Konflikte treten in vielen Lebensbereichen auf: <\/strong><\/p>\n\n\n\n<p class=\"has-black-color has-text-color\">Ob Unstimmigkeiten im Verein, am Arbeitsplatz oder in der Familie: H\u00e4ufig sind die Streitpunkte so emotionsgeladen, dass Gespr\u00e4che kaum noch m\u00f6glich sind und ein Rechtsstreit als einzig m\u00f6glicher Ausweg erscheint. <\/p>\n\n\n\n<p class=\"has-black-color has-text-color\"><strong>Aber<\/strong>: Gerichtsverfahren sind langwierig, belastend, kosten Zeit, Nerven und Geld. Und am Ende steht oft ein Kompromiss, der nur z\u00e4hneknirschend von den Beteiligten akzeptiert werden kann. <\/p>\n\n\n\n<p class=\"has-black-color has-text-color has-background\" style=\"background-color:#f5f5f5\">Mediation als besondere Form der Moderation kann schon zu einem fr\u00fchen Zeitpunkt und auch ohne spezifischen &#8222;Konflikt-Anlass&#8220; hilfreich sein, um Konflikte und Krisen erst gar nicht entstehen zu lassen. <\/p>\n\n\n\n<p class=\"has-black-color has-text-color\">Das Verfahren ist unb\u00fcrokratisch und kann ohne viel Aufwand umgesetzt werden. Sie finden schneller und kosteng\u00fcnstiger als in einem Gerichtsverfahren zu einer nachhaltigen L\u00f6sung, die den Interessen aller Beteiligten gerecht wird. Dadurch werden pers\u00f6nliche Beziehungen geschont, oft sogar verbessert, was vor allem dann von Bedeutung ist, wenn die Beteiligten auch weiterhin miteinander umgehen wollen und m\u00fcssen. <\/p>\n\n\n\n<p class=\"has-black-color has-text-color\">Hierzu <a href=\"https:\/\/weller-hilft.de\/?page_id=343\">berate ich Sie gerne<\/a> und \u00fcbernehme neben der eigentlichen Mediation auch die Moderation von <\/p>\n\n\n\n<ul class=\"has-black-color has-text-color wp-block-list\"><li>Vorstandsitzungen<\/li><li>Mitgliederversammlungen<\/li><li>Klausurtagungen und Strategie-Workshops. <\/li><\/ul>\n\n\n\n<p><\/p>\n\n\n\n<p><\/p>\n","protected":false},"excerpt":{"rendered":"<p>Konflikte treten in vielen Lebensbereichen auf: Ob Unstimmigkeiten im Verein, am Arbeitsplatz oder in der Familie: H\u00e4ufig sind die Streitpunkte so emotionsgeladen, dass Gespr\u00e4che kaum noch m\u00f6glich sind und ein Rechtsstreit als einzig m\u00f6glicher Ausweg erscheint. Aber: Gerichtsverfahren sind langwierig, belastend, kosten Zeit, Nerven und Geld. Und am Ende steht oft ein Kompromiss, der nur&hellip; <br \/> <a class=\"read-more\" href=\"https:\/\/weller-hilft.de\/?page_id=12\">Weiterlesen<\/a><\/p>\n","protected":false},"author":2,"featured_media":688,"parent":0,"menu_order":0,"comment_status":"closed","ping_status":"closed","template":"page-templates\/page-with-right-sidebar.php","meta":{"footnotes":""},"class_list":["post-12","page","type-page","status-publish","has-post-thumbnail","hentry"],"_links":{"self":[{"href":"https:\/\/weller-hilft.de\/index.php?rest_route=\/wp\/v2\/pages\/12","targetHints":{"allow":["GET"]}}],"collection":[{"href":"https:\/\/weller-hilft.de\/index.php?rest_route=\/wp\/v2\/pages"}],"about":[{"href":"https:\/\/weller-hilft.de\/index.php?rest_route=\/wp\/v2\/types\/page"}],"author":[{"embeddable":true,"href":"https:\/\/weller-hilft.de\/index.php?rest_route=\/wp\/v2\/users\/2"}],"replies":[{"embeddable":true,"href":"https:\/\/weller-hilft.de\/index.php?rest_route=%2Fwp%2Fv2%2Fcomments&post=12"}],"version-history":[{"count":24,"href":"https:\/\/weller-hilft.de\/index.php?rest_route=\/wp\/v2\/pages\/12\/revisions"}],"predecessor-version":[{"id":958,"href":"https:\/\/weller-hilft.de\/index.php?rest_route=\/wp\/v2\/pages\/12\/revisions\/958"}],"wp:featuredmedia":[{"embeddable":true,"href":"https:\/\/weller-hilft.de\/index.php?rest_route=\/wp\/v2\/media\/688"}],"wp:attachment":[{"href":"https:\/\/weller-hilft.de\/index.php?rest_route=%2Fwp%2Fv2%2Fmedia&parent=12"}],"curies":[{"name":"wp","href":"https:\/\/api.w.org\/{rel}","templated":true}]}}