{"id":10,"date":"2020-03-25T17:25:44","date_gmt":"2020-03-25T17:25:44","guid":{"rendered":"https:\/\/cabrio-du.net\/?page_id=10"},"modified":"2023-01-14T17:01:57","modified_gmt":"2023-01-14T17:01:57","slug":"rechtsgebiete","status":"publish","type":"page","link":"https:\/\/weller-hilft.de\/?page_id=10","title":{"rendered":"Rechtsgebiete"},"content":{"rendered":"\n<p class=\"has-black-color has-text-color\">Selbst Juristen f\u00e4llt es schwer, bei der F\u00fclle von Gesetzen und Verordnungen den \u00dcberblick zu behalten und sich in allen <strong>Rechtsgebieten<\/strong> gleicherma\u00dfen gut auszukennen. Mehr als 6.600 Gesetzestexte werden beispielsweise allein auf der Webseite <a rel=\"noreferrer noopener\" href=\"https:\/\/www.juraforum.de\/gesetze\/\" target=\"_blank\">Juraforum<\/a> ver\u00f6ffentlicht.<\/p>\n\n\n\n<p class=\"has-very-dark-gray-color has-text-color\"> <\/p>\n\n\n\n<p class=\"has-black-color has-text-color\">Um Sie gut zu beraten, habe ich mich deshalb auf einige Rechtsgebiete spezialisiert. Dazu geh\u00f6ren <\/p>\n\n\n\n<ul class=\"has-black-color has-text-color wp-block-list\"><li>vor allem <a href=\"https:\/\/weller-hilft.de\/?page_id=43\">Vereinsrecht <\/a><a href=\"https:\/\/weller-hilft.de\/?page_id=29\"> <\/a><\/li><li>und der Bereich <a href=\"https:\/\/weller-hilft.de\/?page_id=41\">Gesundheit, Pflege, Rente<\/a> (einschlie\u00dflich Arzthaftungsrecht). <\/li><\/ul>\n\n\n\n<p class=\"has-black-color has-text-color has-background\" style=\"background-color:#e9e9e9\"><strong>Klicken Sie einfach auf das jeweilige Rechtsgebiet, um mehr zum Thema zu erfahren.<\/strong> <\/p>\n","protected":false},"excerpt":{"rendered":"<p>Selbst Juristen f\u00e4llt es schwer, bei der F\u00fclle von Gesetzen und Verordnungen den \u00dcberblick zu behalten und sich in allen Rechtsgebieten gleicherma\u00dfen gut auszukennen. Mehr als 6.600 Gesetzestexte werden beispielsweise allein auf der Webseite Juraforum ver\u00f6ffentlicht. Um Sie gut zu beraten, habe ich mich deshalb auf einige Rechtsgebiete spezialisiert. Dazu geh\u00f6ren vor allem Vereinsrecht und&hellip; <br \/> <a class=\"read-more\" href=\"https:\/\/weller-hilft.de\/?page_id=10\">Weiterlesen<\/a><\/p>\n","protected":false},"author":2,"featured_media":370,"parent":0,"menu_order":0,"comment_status":"closed","ping_status":"closed","template":"page-templates\/page-with-right-sidebar.php","meta":{"footnotes":""},"class_list":["post-10","page","type-page","status-publish","has-post-thumbnail","hentry"],"_links":{"self":[{"href":"https:\/\/weller-hilft.de\/index.php?rest_route=\/wp\/v2\/pages\/10","targetHints":{"allow":["GET"]}}],"collection":[{"href":"https:\/\/weller-hilft.de\/index.php?rest_route=\/wp\/v2\/pages"}],"about":[{"href":"https:\/\/weller-hilft.de\/index.php?rest_route=\/wp\/v2\/types\/page"}],"author":[{"embeddable":true,"href":"https:\/\/weller-hilft.de\/index.php?rest_route=\/wp\/v2\/users\/2"}],"replies":[{"embeddable":true,"href":"https:\/\/weller-hilft.de\/index.php?rest_route=%2Fwp%2Fv2%2Fcomments&post=10"}],"version-history":[{"count":10,"href":"https:\/\/weller-hilft.de\/index.php?rest_route=\/wp\/v2\/pages\/10\/revisions"}],"predecessor-version":[{"id":1048,"href":"https:\/\/weller-hilft.de\/index.php?rest_route=\/wp\/v2\/pages\/10\/revisions\/1048"}],"wp:featuredmedia":[{"embeddable":true,"href":"https:\/\/weller-hilft.de\/index.php?rest_route=\/wp\/v2\/media\/370"}],"wp:attachment":[{"href":"https:\/\/weller-hilft.de\/index.php?rest_route=%2Fwp%2Fv2%2Fmedia&parent=10"}],"curies":[{"name":"wp","href":"https:\/\/api.w.org\/{rel}","templated":true}]}}